{"id":4302,"date":"2023-12-12T14:30:55","date_gmt":"2023-12-12T14:30:55","guid":{"rendered":"https:\/\/moararchitects.com\/services\/"},"modified":"2024-10-18T19:52:50","modified_gmt":"2024-10-18T19:52:50","slug":"servicios","status":"publish","type":"page","link":"https:\/\/moararchitects.com\/es\/servicios\/","title":{"rendered":"Servicios"},"content":{"rendered":"<div class=\"gb-container gb-container-66a81e7f\">\n<div class=\"gb-container gb-container-f357c835\">\n<div class=\"gb-grid-wrapper gb-grid-wrapper-b9e2bde6\">\n<div class=\"gb-grid-column gb-grid-column-ec6326c4\"><div class=\"gb-container gb-container-ec6326c4\">\n\n<h2 class=\"gb-headline gb-headline-365813d2 gb-headline-text\">Elevando Tus Proyectos con <mark class=\"gb-highlight\">Servicios Arquitect\u00f3nicos Excepcionales<\/mark> y Detalles Creativos<\/h2>\n\n\n\n<p>Descubre c\u00f3mo nuestros servicios superan tus expectativas y transforman tus proyectos en experiencias arquitect\u00f3nicas excepcionales. En MOAR, dise\u00f1amos espacios donde la creatividad brilla en cada detalle. \u00a1Libera el potencial ilimitado de tus ideas con nosotros y lleva tu visi\u00f3n a nuevas alturas!<\/p>\n\n<\/div><\/div>\n\n<div class=\"gb-grid-column gb-grid-column-0ea130fc\"><div class=\"gb-container gb-container-0ea130fc\">\n<div class=\"wp-block-image\">\n<figure class=\"aligncenter size-full is-resized\"><img loading=\"lazy\" decoding=\"async\" width=\"519\" height=\"332\" src=\"https:\/\/moararchitects.com\/wp-content\/uploads\/Image-of-Elevating-Your-Projects-with-Exceptional-Architectural-Services-and-Creative-Details-In-Moar-Architects.png\" alt=\"Image of Elevating Your Projects with Exceptional Architectural Services and Creative Details In Moar Architects\" class=\"wp-image-3803\" style=\"width:400px\" srcset=\"https:\/\/moararchitects.com\/wp-content\/uploads\/Image-of-Elevating-Your-Projects-with-Exceptional-Architectural-Services-and-Creative-Details-In-Moar-Architects.png 519w, https:\/\/moararchitects.com\/wp-content\/uploads\/Image-of-Elevating-Your-Projects-with-Exceptional-Architectural-Services-and-Creative-Details-In-Moar-Architects-300x192.png 300w\" sizes=\"(max-width: 519px) 100vw, 519px\" \/><\/figure><\/div>\n<\/div><\/div>\n<\/div>\n<\/div>\n<\/div>\n\n<div class=\"gb-container gb-container-70a6dac8\">\n<div class=\"gb-container gb-container-473b6072\">\n<div class=\"gb-grid-wrapper gb-grid-wrapper-2f22de76\">\n<div class=\"gb-grid-column gb-grid-column-1847ac81\"><div class=\"gb-container gb-container-1847ac81\">\n<div class=\"wp-block-image\">\n<figure class=\"aligncenter size-full is-resized\"><img loading=\"lazy\" decoding=\"async\" width=\"503\" height=\"270\" src=\"https:\/\/moararchitects.com\/wp-content\/uploads\/Image-of-Interior-Design-Services-in-Moar-Architects.png\" alt=\"Image of Interior Design Services in Moar Architects\" class=\"wp-image-3804\" style=\"width:400px\" srcset=\"https:\/\/moararchitects.com\/wp-content\/uploads\/Image-of-Interior-Design-Services-in-Moar-Architects.png 503w, https:\/\/moararchitects.com\/wp-content\/uploads\/Image-of-Interior-Design-Services-in-Moar-Architects-300x161.png 300w\" sizes=\"(max-width: 503px) 100vw, 503px\" \/><\/figure><\/div>\n<\/div><\/div>\n\n<div class=\"gb-grid-column gb-grid-column-ce29e6af\"><div class=\"gb-container gb-container-ce29e6af\">\n\n<h2 class=\"gb-headline gb-headline-b62e17c6 gb-headline-text\">Servicio de Dise\u00f1o de Interiores<\/h2>\n\n\n\n<p class=\"has-base-3-color has-text-color has-link-color wp-elements-8c8aef9b44f7f46edc63f8c10efb3dea\">Transforma tu espacio en una obra maestra con nuestros servicios personalizados de dise\u00f1o de interiores. Nos enfocamos en crear ambientes que no solo sean est\u00e9ticamente hermosos, sino que adem\u00e1s mejoren tu calidad de vida.<\/p>\n\n\n\n<a class=\"gb-button gb-button-94822191 gb-button-text\" href=\"https:\/\/moararchitects.com\/services\/interior-design\/\">Servicio de Dise\u00f1o de Interiores<\/a>\n\n<\/div><\/div>\n<\/div>\n<\/div>\n<\/div>\n\n<div class=\"gb-container gb-container-8c93245f\">\n<div class=\"gb-container gb-container-96cf694b\">\n<div class=\"gb-grid-wrapper gb-grid-wrapper-237f7d65\">\n<div class=\"gb-grid-column gb-grid-column-2a3e119a\"><div class=\"gb-container gb-container-2a3e119a\">\n\n<h2 class=\"gb-headline gb-headline-c8f3c548 gb-headline-text\">Servicio de Dise\u00f1o Arquitect\u00f3nico<\/h2>\n\n\n\n<p>En MOAR, creamos dise\u00f1os arquitect\u00f3nicos innovadores y funcionales, adaptados a tus necesidades \u00fanicas. Nuestra experiencia asegura el cumplimiento de todos los c\u00f3digos locales de construcci\u00f3n, ofreciendo est\u00e9tica excepcional y funcionalidad de alto nivel.<\/p>\n\n\n\n<a class=\"gb-button gb-button-8ceb1e91 gb-button-text\" href=\"https:\/\/moararchitects.com\/services\/architectural-design\/\">Servicio de Dise\u00f1o Arquitect\u00f3nico<\/a>\n\n<\/div><\/div>\n\n<div class=\"gb-grid-column gb-grid-column-dcdac664\"><div class=\"gb-container gb-container-dcdac664\">\n<div class=\"wp-block-image\">\n<figure class=\"aligncenter size-full is-resized\"><img loading=\"lazy\" decoding=\"async\" width=\"529\" height=\"343\" src=\"https:\/\/moararchitects.com\/wp-content\/uploads\/Image-of-Architectural-Design-Services-in-Moar-Architects.png\" alt=\"Image of Architectural Design Services in Moar Architects\" class=\"wp-image-3802\" style=\"width:400px\" srcset=\"https:\/\/moararchitects.com\/wp-content\/uploads\/Image-of-Architectural-Design-Services-in-Moar-Architects.png 529w, https:\/\/moararchitects.com\/wp-content\/uploads\/Image-of-Architectural-Design-Services-in-Moar-Architects-300x195.png 300w\" sizes=\"(max-width: 529px) 100vw, 529px\" \/><\/figure><\/div>\n<\/div><\/div>\n<\/div>\n<\/div>\n<\/div>\n\n<div class=\"gb-container gb-container-e2d24496\">\n<div class=\"gb-container gb-container-0ef59a03\">\n<div class=\"gb-grid-wrapper gb-grid-wrapper-571aa4ac\">\n<div class=\"gb-grid-column gb-grid-column-b0351baa\"><div class=\"gb-container gb-container-b0351baa\">\n<div class=\"wp-block-image\">\n<figure class=\"aligncenter size-full is-resized\"><img loading=\"lazy\" decoding=\"async\" width=\"504\" height=\"270\" src=\"https:\/\/moararchitects.com\/wp-content\/uploads\/Image-of-Marketing-for-Real-State-in-Moar-Architects.png\" alt=\"Image of Marketing for Real State in Moar Architects\" class=\"wp-image-3801\" style=\"width:400px\" srcset=\"https:\/\/moararchitects.com\/wp-content\/uploads\/Image-of-Marketing-for-Real-State-in-Moar-Architects.png 504w, https:\/\/moararchitects.com\/wp-content\/uploads\/Image-of-Marketing-for-Real-State-in-Moar-Architects-300x161.png 300w\" sizes=\"(max-width: 504px) 100vw, 504px\" \/><\/figure><\/div>\n<\/div><\/div>\n\n<div class=\"gb-grid-column gb-grid-column-dde9b07d\"><div class=\"gb-container gb-container-dde9b07d\">\n\n<h2 class=\"gb-headline gb-headline-e8924a94 gb-headline-text\">Servicio de Marketing para Bienes Ra\u00edces<\/h2>\n\n\n\n<p class=\"has-base-3-color has-text-color has-link-color wp-elements-5cf3e5e18a10d28874ee98fda0c6fcc1\">Potencia tus listados de propiedades con nuestros renders en 4K, recorridos inmersivos y planos en 3D de alta calidad. Nuestras im\u00e1genes destacan y aceleran la venta de propiedades al mostrar su m\u00e1ximo potencial.<\/p>\n\n\n\n<a class=\"gb-button gb-button-5492d574 gb-button-text\" href=\"https:\/\/moararchitects.com\/services\/marketing-for-real-estate\/\">Marketing para Bienes Ra\u00edces<\/a>\n\n<\/div><\/div>\n<\/div>\n<\/div>\n<\/div>\n\n<div class=\"gb-container gb-container-c7c4dda3\">\n<div class=\"gb-container gb-container-3b906119\">\n\n<h2 class=\"gb-headline gb-headline-45757d3e gb-headline-text\"><mark class=\"gb-highlight\">Nuestro Trabajo<\/mark> en Moar Architects<\/h2>\n\n\n<div class=\"root-eb-post-carousel-0doemwm wp-block-essential-blocks-post-carousel\">\n    <div class=\"eb-parent-wrapper eb-parent-eb-post-carousel-0doemwm \">\n        <div class=\"eb-post-carousel-0doemwm style-4 slick-arrows equal-height dot-style-4 eb-post-carousel-wrapper\"\n            data-id=\"eb-post-carousel-0doemwm\"\n            data-querydata=\"a:14:{s:6:&quot;source&quot;;s:4:&quot;post&quot;;s:11:&quot;sourceIndex&quot;;i:0;s:9:&quot;rest_base&quot;;s:5:&quot;posts&quot;;s:14:&quot;rest_namespace&quot;;s:5:&quot;wp\/v2&quot;;s:6:&quot;author&quot;;s:0:&quot;&quot;;s:10:&quot;taxonomies&quot;;a:0:{}s:8:&quot;per_page&quot;;s:1:&quot;4&quot;;s:6:&quot;offset&quot;;s:1:&quot;0&quot;;s:7:&quot;orderby&quot;;s:4:&quot;date&quot;;s:5:&quot;order&quot;;s:4:&quot;desc&quot;;s:7:&quot;include&quot;;s:0:&quot;&quot;;s:7:&quot;exclude&quot;;s:0:&quot;&quot;;s:15:&quot;exclude_current&quot;;b:0;s:26:&quot;exclude_password_protected&quot;;b:0;}\"\n            data-slidersettings=\"{&quot;arrows&quot;:true,&quot;dots&quot;:true,&quot;autoplaySpeed&quot;:3000,&quot;speed&quot;:500,&quot;adaptiveHeight&quot;:true,&quot;autoplay&quot;:true,&quot;infinite&quot;:true,&quot;pauseOnHover&quot;:true,&quot;slideToShowRange&quot;:3,&quot;leftArrowIcon&quot;:&quot;fas fa-caret-left&quot;,&quot;rightArrowIcon&quot;:&quot;fas fa-caret-right&quot;,&quot;addIcon&quot;:false,&quot;showFallbackImg&quot;:false,&quot;fallbackImgUrl&quot;:&quot;&quot;,&quot;isRTLEnable&quot;:false,&quot;TABslideToShowRange&quot;:2,&quot;MOBslideToShowRange&quot;:1}\"\n            data-attributes=\"{&quot;preset&quot;:&quot;style-4&quot;,&quot;showThumbnail&quot;:true,&quot;showTitle&quot;:true,&quot;titleLength&quot;:&quot;10&quot;,&quot;titleTag&quot;:&quot;p&quot;,&quot;showContent&quot;:false,&quot;contentLength&quot;:20,&quot;expansionIndicator&quot;:&quot;...&quot;,&quot;showReadMore&quot;:false,&quot;readmoreText&quot;:&quot;Saber m\\u00e1s&quot;,&quot;showMeta&quot;:false,&quot;headerMeta&quot;:&quot;[{\\&quot;value\\&quot;:\\&quot;avatar\\&quot;,\\&quot;label\\&quot;:\\&quot;Author Avatar\\&quot;}]&quot;,&quot;footerMeta&quot;:&quot;[{\\&quot;value\\&quot;:\\&quot;date\\&quot;,\\&quot;label\\&quot;:\\&quot;Published Date\\&quot;}]&quot;,&quot;authorPrefix&quot;:&quot;by&quot;,&quot;datePrefix&quot;:&quot;on&quot;,&quot;showBlockContent&quot;:true,&quot;leftArrowIcon&quot;:&quot;fas fa-caret-left&quot;,&quot;rightArrowIcon&quot;:&quot;fas fa-caret-right&quot;,&quot;showFallbackImg&quot;:false,&quot;isRTLEnable&quot;:false}\">\n\n            <div class=\"eb-post-carousel init-eb-post-carousel-0doemwm\"\n                data-id=\"eb-post-carousel-0doemwm\">\n                <article class=\"ebpg-carousel-post ebpg-post-carousel-column\" data-id=\"4726\"><div class=\"ebpg-carousel-post-holder\"><a class=\"ebpg-post-link-wrapper eb-sr-only\" href=\"https:\/\/moararchitects.com\/es\/blog\/diseno-urbano-creando-ciudades-habitables\/\">Dise\u00f1o Urbano: Creaci\u00f3n de Ciudades Habitables<\/a><div class=\"ebpg-entry-media\">\n                <div class=\"ebpg-entry-thumbnail\">\n                    \n                    <img loading=\"lazy\" decoding=\"async\" width=\"1280\" height=\"860\" src=\"https:\/\/moararchitects.com\/wp-content\/uploads\/Thumbnail-image-of-Urban-Design-Creating-Livable-Cities-MOAR-ARCHITECTS.jpg\" class=\"attachment-full size-full\" alt=\"Thumbnail image of Urban Design Creating Livable Cities MOAR ARCHITECTS\" \/>\n                <\/div>\n            <\/div><div class=\"ebpg-entry-wrapper\"><header class=\"ebpg-entry-header\">\n            <p class=\"ebpg-entry-title\">\n                <a class=\"ebpg-carousel-post-link\" href=\"https:\/\/moararchitects.com\/es\/blog\/diseno-urbano-creando-ciudades-habitables\/\" title=\"Dise\u00f1o Urbano: Creaci\u00f3n de Ciudades Habitables\">Dise\u00f1o Urbano: Creaci\u00f3n de Ciudades Habitables<\/a>\n            <\/p>\n        <\/header><\/div><\/div><\/article><article class=\"ebpg-carousel-post ebpg-post-carousel-column\" data-id=\"4717\"><div class=\"ebpg-carousel-post-holder\"><a class=\"ebpg-post-link-wrapper eb-sr-only\" href=\"https:\/\/moararchitects.com\/es\/blog\/tecnicas-de-visualizacion-arquitectonica\/\">T\u00e9cnicas de Visualizaci\u00f3n Arquitect\u00f3nica<\/a><div class=\"ebpg-entry-media\">\n                <div class=\"ebpg-entry-thumbnail\">\n                    \n                    <img loading=\"lazy\" decoding=\"async\" width=\"1280\" height=\"860\" src=\"https:\/\/moararchitects.com\/wp-content\/uploads\/Thumbnail-image-of-The-Architectural-Visualization-Techniques-MOAR-ARCHITECTS.jpg\" class=\"attachment-full size-full\" alt=\"Thumbnail image of The Architectural Visualization Techniques MOAR ARCHITECTS\" \/>\n                <\/div>\n            <\/div><div class=\"ebpg-entry-wrapper\"><header class=\"ebpg-entry-header\">\n            <p class=\"ebpg-entry-title\">\n                <a class=\"ebpg-carousel-post-link\" href=\"https:\/\/moararchitects.com\/es\/blog\/tecnicas-de-visualizacion-arquitectonica\/\" title=\"T\u00e9cnicas de Visualizaci\u00f3n Arquitect\u00f3nica\">T\u00e9cnicas de Visualizaci\u00f3n Arquitect\u00f3nica<\/a>\n            <\/p>\n        <\/header><\/div><\/div><\/article><article class=\"ebpg-carousel-post ebpg-post-carousel-column\" data-id=\"4705\"><div class=\"ebpg-carousel-post-holder\"><a class=\"ebpg-post-link-wrapper eb-sr-only\" href=\"https:\/\/moararchitects.com\/es\/blog\/el-papel-de-la-arquitectura-interior-en-el-diseno-moderno\/\">El Papel de la Arquitectura Interior en el Dise\u00f1o Moderno<\/a><div class=\"ebpg-entry-media\">\n                <div class=\"ebpg-entry-thumbnail\">\n                    \n                    <img loading=\"lazy\" decoding=\"async\" width=\"1280\" height=\"860\" src=\"https:\/\/moararchitects.com\/wp-content\/uploads\/Thumbnail-image-of-The-Role-of-Interior-Architecture-in-Modern-Design-MOAR-ARCHITECTS-1.jpg\" class=\"attachment-full size-full\" alt=\"Thumbnail image of The Role of Interior Architecture in Modern Design MOAR ARCHITECTS\" \/>\n                <\/div>\n            <\/div><div class=\"ebpg-entry-wrapper\"><header class=\"ebpg-entry-header\">\n            <p class=\"ebpg-entry-title\">\n                <a class=\"ebpg-carousel-post-link\" href=\"https:\/\/moararchitects.com\/es\/blog\/el-papel-de-la-arquitectura-interior-en-el-diseno-moderno\/\" title=\"El Papel de la Arquitectura Interior en el Dise\u00f1o Moderno\">El Papel de la Arquitectura Interior en el Dise\u00f1o Moderno<\/a>\n            <\/p>\n        <\/header><\/div><\/div><\/article><article class=\"ebpg-carousel-post ebpg-post-carousel-column\" data-id=\"4696\"><div class=\"ebpg-carousel-post-holder\"><a class=\"ebpg-post-link-wrapper eb-sr-only\" href=\"https:\/\/moararchitects.com\/es\/blog\/principales-tendencias-arquitectonicas-que-moldearan-2025\/\">Principales Tendencias Arquitect\u00f3nicas que Moldear\u00e1n 2025<\/a><div class=\"ebpg-entry-media\">\n                <div class=\"ebpg-entry-thumbnail\">\n                    \n                    <img loading=\"lazy\" decoding=\"async\" width=\"1280\" height=\"860\" src=\"https:\/\/moararchitects.com\/wp-content\/uploads\/Thumbnail-image-of-Top-Architectural-Trends-Shaping-2025-MOAR-ARCHITECTS.jpg\" class=\"attachment-full size-full\" alt=\"Thumbnail image of Top Architectural Trends Shaping 2025 MOAR ARCHITECTS\" \/>\n                <\/div>\n            <\/div><div class=\"ebpg-entry-wrapper\"><header class=\"ebpg-entry-header\">\n            <p class=\"ebpg-entry-title\">\n                <a class=\"ebpg-carousel-post-link\" href=\"https:\/\/moararchitects.com\/es\/blog\/principales-tendencias-arquitectonicas-que-moldearan-2025\/\" title=\"Principales Tendencias Arquitect\u00f3nicas que Moldear\u00e1n 2025\">Principales Tendencias Arquitect\u00f3nicas que Moldear\u00e1n 2025<\/a>\n            <\/p>\n        <\/header><\/div><\/div><\/article>            <\/div>\n        <\/div>\n    <\/div>\n<\/div>\n<\/div>\n<\/div>","protected":false},"excerpt":{"rendered":"<p>Nuestro Trabajo en Moar Architects<\/p>\n","protected":false},"author":1,"featured_media":0,"parent":0,"menu_order":0,"comment_status":"closed","ping_status":"closed","template":"","meta":{"_eb_attr":"","footnotes":""},"class_list":["post-4302","page","type-page","status-publish"],"yoast_head":"<!-- This site is optimized with the Yoast SEO plugin v23.6 - https:\/\/yoast.com\/wordpress\/plugins\/seo\/ -->\n<title>Servicios Arquitect\u00f3nicos Profesionales<\/title>\n<meta name=\"description\" content=\"\u00a1Impulsa tus proyectos hacia nuevas alturas con servicios arquitect\u00f3nicos excepcionales y detalles creativos \u00fanicos!\" \/>\n<meta name=\"robots\" content=\"index, follow, max-snippet:-1, max-image-preview:large, max-video-preview:-1\" \/>\n<link rel=\"canonical\" href=\"https:\/\/moararchitects.com\/es\/servicios\/\" \/>\n<meta property=\"og:locale\" content=\"es_ES\" \/>\n<meta property=\"og:type\" content=\"article\" \/>\n<meta property=\"og:title\" content=\"Servicios Arquitect\u00f3nicos Profesionales - MOAR Architects\" \/>\n<meta property=\"og:description\" content=\"\u00a1Impulsa tus proyectos hacia nuevas alturas con servicios arquitect\u00f3nicos excepcionales y detalles creativos \u00fanicos!\" \/>\n<meta property=\"og:url\" content=\"https:\/\/moararchitects.com\/es\/servicios\/\" \/>\n<meta property=\"og:site_name\" content=\"MOAR Architects\" \/>\n<meta property=\"article:publisher\" content=\"https:\/\/www.facebook.com\/profile.php?id=100063985485826\" \/>\n<meta property=\"article:modified_time\" content=\"2024-10-18T19:52:50+00:00\" \/>\n<meta property=\"og:image\" content=\"https:\/\/moararchitects.com\/wp-content\/uploads\/Image-of-Elevating-Your-Projects-with-Exceptional-Architectural-Services-and-Creative-Details-In-Moar-Architects.png\" \/>\n\t<meta property=\"og:image:width\" content=\"519\" \/>\n\t<meta property=\"og:image:height\" content=\"332\" \/>\n\t<meta property=\"og:image:type\" content=\"image\/png\" \/>\n<meta name=\"twitter:card\" content=\"summary_large_image\" \/>\n<meta name=\"twitter:site\" content=\"@Moar_Architect\" \/>\n<meta name=\"twitter:label1\" content=\"Tiempo de lectura\" \/>\n\t<meta name=\"twitter:data1\" content=\"2 minutos\" \/>\n<!-- \/ Yoast SEO plugin. -->","yoast_head_json":{"title":"Servicios Arquitect\u00f3nicos Profesionales","description":"\u00a1Impulsa tus proyectos hacia nuevas alturas con servicios arquitect\u00f3nicos excepcionales y detalles creativos \u00fanicos!","robots":{"index":"index","follow":"follow","max-snippet":"max-snippet:-1","max-image-preview":"max-image-preview:large","max-video-preview":"max-video-preview:-1"},"canonical":"https:\/\/moararchitects.com\/es\/servicios\/","og_locale":"es_ES","og_type":"article","og_title":"Servicios Arquitect\u00f3nicos Profesionales - MOAR Architects","og_description":"\u00a1Impulsa tus proyectos hacia nuevas alturas con servicios arquitect\u00f3nicos excepcionales y detalles creativos \u00fanicos!","og_url":"https:\/\/moararchitects.com\/es\/servicios\/","og_site_name":"MOAR Architects","article_publisher":"https:\/\/www.facebook.com\/profile.php?id=100063985485826","article_modified_time":"2024-10-18T19:52:50+00:00","og_image":[{"width":519,"height":332,"url":"https:\/\/moararchitects.com\/wp-content\/uploads\/Image-of-Elevating-Your-Projects-with-Exceptional-Architectural-Services-and-Creative-Details-In-Moar-Architects.png","type":"image\/png"}],"twitter_card":"summary_large_image","twitter_site":"@Moar_Architect","twitter_misc":{"Tiempo de lectura":"2 minutos"},"schema":{"@context":"https:\/\/schema.org","@graph":[{"@type":"WebPage","@id":"https:\/\/moararchitects.com\/es\/servicios\/","url":"https:\/\/moararchitects.com\/es\/servicios\/","name":"Servicios Arquitect\u00f3nicos Profesionales - MOAR Architects","isPartOf":{"@id":"https:\/\/moararchitects.com\/es\/#website"},"primaryImageOfPage":{"@id":"https:\/\/moararchitects.com\/es\/servicios\/#primaryimage"},"image":{"@id":"https:\/\/moararchitects.com\/es\/servicios\/#primaryimage"},"thumbnailUrl":"https:\/\/moararchitects.com\/wp-content\/uploads\/Image-of-Elevating-Your-Projects-with-Exceptional-Architectural-Services-and-Creative-Details-In-Moar-Architects.png","datePublished":"2023-12-12T14:30:55+00:00","dateModified":"2024-10-18T19:52:50+00:00","description":"\u00a1Impulsa tus proyectos hacia nuevas alturas con servicios arquitect\u00f3nicos excepcionales y detalles creativos \u00fanicos!","breadcrumb":{"@id":"https:\/\/moararchitects.com\/es\/servicios\/#breadcrumb"},"inLanguage":"es","potentialAction":[{"@type":"ReadAction","target":["https:\/\/moararchitects.com\/es\/servicios\/"]}]},{"@type":"ImageObject","inLanguage":"es","@id":"https:\/\/moararchitects.com\/es\/servicios\/#primaryimage","url":"https:\/\/moararchitects.com\/wp-content\/uploads\/Image-of-Elevating-Your-Projects-with-Exceptional-Architectural-Services-and-Creative-Details-In-Moar-Architects.png","contentUrl":"https:\/\/moararchitects.com\/wp-content\/uploads\/Image-of-Elevating-Your-Projects-with-Exceptional-Architectural-Services-and-Creative-Details-In-Moar-Architects.png"},{"@type":"BreadcrumbList","@id":"https:\/\/moararchitects.com\/es\/servicios\/#breadcrumb","itemListElement":[{"@type":"ListItem","position":1,"name":"Home","item":"https:\/\/moararchitects.com\/es\/"},{"@type":"ListItem","position":2,"name":"Servicios"}]},{"@type":"WebSite","@id":"https:\/\/moararchitects.com\/es\/#website","url":"https:\/\/moararchitects.com\/es\/","name":"MOAR Architects","description":"","publisher":{"@id":"https:\/\/moararchitects.com\/es\/#organization"},"potentialAction":[{"@type":"SearchAction","target":{"@type":"EntryPoint","urlTemplate":"https:\/\/moararchitects.com\/es\/?s={search_term_string}"},"query-input":{"@type":"PropertyValueSpecification","valueRequired":true,"valueName":"search_term_string"}}],"inLanguage":"es"},{"@type":"Organization","@id":"https:\/\/moararchitects.com\/es\/#organization","name":"MOAR Architects","url":"https:\/\/moararchitects.com\/es\/","logo":{"@type":"ImageObject","inLanguage":"es","@id":"https:\/\/moararchitects.com\/es\/#\/schema\/logo\/image\/","url":"https:\/\/moararchitects.com\/wp-content\/uploads\/MOAR-Logo-Favicon.png","contentUrl":"https:\/\/moararchitects.com\/wp-content\/uploads\/MOAR-Logo-Favicon.png","width":250,"height":250,"caption":"MOAR Architects"},"image":{"@id":"https:\/\/moararchitects.com\/es\/#\/schema\/logo\/image\/"},"sameAs":["https:\/\/www.facebook.com\/profile.php?id=100063985485826","https:\/\/x.com\/Moar_Architect","https:\/\/www.instagram.com\/moararchitects\/"]}]}},"_links":{"self":[{"href":"https:\/\/moararchitects.com\/es\/wp-json\/wp\/v2\/pages\/4302"}],"collection":[{"href":"https:\/\/moararchitects.com\/es\/wp-json\/wp\/v2\/pages"}],"about":[{"href":"https:\/\/moararchitects.com\/es\/wp-json\/wp\/v2\/types\/page"}],"author":[{"embeddable":true,"href":"https:\/\/moararchitects.com\/es\/wp-json\/wp\/v2\/users\/1"}],"replies":[{"embeddable":true,"href":"https:\/\/moararchitects.com\/es\/wp-json\/wp\/v2\/comments?post=4302"}],"version-history":[{"count":2,"href":"https:\/\/moararchitects.com\/es\/wp-json\/wp\/v2\/pages\/4302\/revisions"}],"predecessor-version":[{"id":5012,"href":"https:\/\/moararchitects.com\/es\/wp-json\/wp\/v2\/pages\/4302\/revisions\/5012"}],"wp:attachment":[{"href":"https:\/\/moararchitects.com\/es\/wp-json\/wp\/v2\/media?parent=4302"}],"curies":[{"name":"wp","href":"https:\/\/api.w.org\/{rel}","templated":true}]}}