{"id":4307,"date":"2023-12-12T14:34:39","date_gmt":"2023-12-12T14:34:39","guid":{"rendered":"https:\/\/moararchitects.com\/portfolio\/"},"modified":"2024-07-02T00:29:43","modified_gmt":"2024-07-02T00:29:43","slug":"portafolio","status":"publish","type":"page","link":"https:\/\/moararchitects.com\/es\/portafolio\/","title":{"rendered":"Portafolio"},"content":{"rendered":"<div class=\"gb-container gb-container-c7c4dda3\">\n<div class=\"gb-container gb-container-3b906119\">\n\n<h2 class=\"gb-headline gb-headline-45757d3e gb-headline-text\">Portafolio en Moar Architects<\/h2>\n\n\n\n<p class=\"has-text-align-center\">Bienvenidos a nuestro portafolio en MOAR, donde compartimos experiencias significativas y soluciones innovadoras implementadas para nuestros clientes. Sum\u00e9rgete en historias reales de superaci\u00f3n de desaf\u00edos, estrategias personalizadas y resultados tangibles. Estos estudios de caso ofrecen una visi\u00f3n detallada de c\u00f3mo MOAR aborda diversas problem\u00e1ticas y ayuda a convertir ideas en \u00e9xitos tangibles.<\/p>\n\n\n<div class=\"root-eb-post-carousel-0doemwm wp-block-essential-blocks-post-carousel\">\n    <div class=\"eb-parent-wrapper eb-parent-eb-post-carousel-0doemwm \">\n        <div class=\"eb-post-carousel-0doemwm style-4 slick-arrows equal-height dot-style-4 eb-post-carousel-wrapper\"\n            data-id=\"eb-post-carousel-0doemwm\"\n            data-querydata=\"a:14:{s:6:&quot;source&quot;;s:9:&quot;portfolio&quot;;s:11:&quot;sourceIndex&quot;;i:3;s:9:&quot;rest_base&quot;;s:9:&quot;portfolio&quot;;s:14:&quot;rest_namespace&quot;;s:5:&quot;wp\/v2&quot;;s:6:&quot;author&quot;;s:0:&quot;&quot;;s:10:&quot;taxonomies&quot;;a:0:{}s:8:&quot;per_page&quot;;s:1:&quot;4&quot;;s:6:&quot;offset&quot;;s:1:&quot;0&quot;;s:7:&quot;orderby&quot;;s:4:&quot;date&quot;;s:5:&quot;order&quot;;s:4:&quot;desc&quot;;s:7:&quot;include&quot;;s:0:&quot;&quot;;s:7:&quot;exclude&quot;;s:0:&quot;&quot;;s:15:&quot;exclude_current&quot;;b:0;s:26:&quot;exclude_password_protected&quot;;b:0;}\"\n            data-slidersettings=\"{&quot;arrows&quot;:true,&quot;dots&quot;:true,&quot;autoplaySpeed&quot;:3000,&quot;speed&quot;:500,&quot;adaptiveHeight&quot;:true,&quot;autoplay&quot;:true,&quot;infinite&quot;:true,&quot;pauseOnHover&quot;:true,&quot;slideToShowRange&quot;:3,&quot;leftArrowIcon&quot;:&quot;fas fa-caret-left&quot;,&quot;rightArrowIcon&quot;:&quot;fas fa-caret-right&quot;,&quot;addIcon&quot;:false,&quot;showFallbackImg&quot;:false,&quot;fallbackImgUrl&quot;:&quot;&quot;,&quot;isRTLEnable&quot;:false,&quot;TABslideToShowRange&quot;:2,&quot;MOBslideToShowRange&quot;:1}\"\n            data-attributes=\"{&quot;preset&quot;:&quot;style-4&quot;,&quot;showThumbnail&quot;:true,&quot;showTitle&quot;:true,&quot;titleLength&quot;:&quot;10&quot;,&quot;titleTag&quot;:&quot;p&quot;,&quot;showContent&quot;:false,&quot;contentLength&quot;:20,&quot;expansionIndicator&quot;:&quot;...&quot;,&quot;showReadMore&quot;:false,&quot;readmoreText&quot;:&quot;Saber m\\u00e1s&quot;,&quot;showMeta&quot;:false,&quot;headerMeta&quot;:&quot;[{\\&quot;value\\&quot;:\\&quot;avatar\\&quot;,\\&quot;label\\&quot;:\\&quot;Author Avatar\\&quot;}]&quot;,&quot;footerMeta&quot;:&quot;[{\\&quot;value\\&quot;:\\&quot;date\\&quot;,\\&quot;label\\&quot;:\\&quot;Published Date\\&quot;}]&quot;,&quot;authorPrefix&quot;:&quot;by&quot;,&quot;datePrefix&quot;:&quot;on&quot;,&quot;showBlockContent&quot;:true,&quot;leftArrowIcon&quot;:&quot;fas fa-caret-left&quot;,&quot;rightArrowIcon&quot;:&quot;fas fa-caret-right&quot;,&quot;showFallbackImg&quot;:false,&quot;isRTLEnable&quot;:false}\">\n\n            <div class=\"eb-post-carousel init-eb-post-carousel-0doemwm\"\n                data-id=\"eb-post-carousel-0doemwm\">\n                <article class=\"ebpg-carousel-post ebpg-post-carousel-column\" data-id=\"4353\"><div class=\"ebpg-carousel-post-holder\"><a class=\"ebpg-post-link-wrapper eb-sr-only\" href=\"https:\/\/moararchitects.com\/es\/portfolio\/windham-residence\/\">Esc\u00e1pate al Lujo: Casa Ideal de Alquiler en Airbnb EE. UU.<\/a><div class=\"ebpg-entry-media\">\n                <div class=\"ebpg-entry-thumbnail\">\n                    \n                    <img loading=\"lazy\" decoding=\"async\" width=\"1400\" height=\"544\" src=\"https:\/\/moararchitects.com\/wp-content\/uploads\/Principal-Image-of-Escape-to-Luxury-Your-Dream-Vacation-Rental-House-in-the-USA-in-MOAR-Architects.png\" class=\"attachment-full size-full\" alt=\"Dise\u00f1o de cocina elegante de una casa de alquiler de vacaciones en Estados Unidos\" \/>\n                <\/div>\n            <\/div><div class=\"ebpg-entry-wrapper\"><header class=\"ebpg-entry-header\">\n            <p class=\"ebpg-entry-title\">\n                <a class=\"ebpg-carousel-post-link\" href=\"https:\/\/moararchitects.com\/es\/portfolio\/windham-residence\/\" title=\"Esc\u00e1pate al Lujo: Casa Ideal de Alquiler en Airbnb EE.\">Esc\u00e1pate al Lujo: Casa Ideal de Alquiler en Airbnb EE.<\/a>\n            <\/p>\n        <\/header><\/div><\/div><\/article><article class=\"ebpg-carousel-post ebpg-post-carousel-column\" data-id=\"4355\"><div class=\"ebpg-carousel-post-holder\"><a class=\"ebpg-post-link-wrapper eb-sr-only\" href=\"https:\/\/moararchitects.com\/es\/portfolio\/worral-residence\/\">El Encanto de Australia: dise\u00f1o residencial<\/a><div class=\"ebpg-entry-media\">\n                <div class=\"ebpg-entry-thumbnail\">\n                    \n                    <img loading=\"lazy\" decoding=\"async\" width=\"1400\" height=\"544\" src=\"https:\/\/moararchitects.com\/wp-content\/uploads\/Principal-Image-of-Down-Under-Delight-Residential-Design-in-Australia-in-MOAR-Architects.png\" class=\"attachment-full size-full\" alt=\"Dise\u00f1o residencial en Australia, destacando la arquitectura contempor\u00e1nea.\" \/>\n                <\/div>\n            <\/div><div class=\"ebpg-entry-wrapper\"><header class=\"ebpg-entry-header\">\n            <p class=\"ebpg-entry-title\">\n                <a class=\"ebpg-carousel-post-link\" href=\"https:\/\/moararchitects.com\/es\/portfolio\/worral-residence\/\" title=\"El Encanto de Australia: dise\u00f1o residencial\">El Encanto de Australia: dise\u00f1o residencial<\/a>\n            <\/p>\n        <\/header><\/div><\/div><\/article><article class=\"ebpg-carousel-post ebpg-post-carousel-column\" data-id=\"4360\"><div class=\"ebpg-carousel-post-holder\"><a class=\"ebpg-post-link-wrapper eb-sr-only\" href=\"https:\/\/moararchitects.com\/es\/portfolio\/diseno-de-interiores-francia\/\">Refugio Costero: Interiores de Casa en Para\u00edso Caribe Franc\u00e9s<\/a><div class=\"ebpg-entry-media\">\n                <div class=\"ebpg-entry-thumbnail\">\n                    \n                    <img loading=\"lazy\" decoding=\"async\" width=\"1400\" height=\"544\" src=\"https:\/\/moararchitects.com\/wp-content\/uploads\/Principal-Image-of-Chic-Oasis-Interior-Design-for-a-House-in-a-French-Caribbean-Paradise-in-MOAR-Architects.png\" class=\"attachment-full size-full\" alt=\"Dise\u00f1o de interiores Chic Oasis en un para\u00edso caribe\u00f1o franc\u00e9s, destacando elegancia y confort.\" \/>\n                <\/div>\n            <\/div><div class=\"ebpg-entry-wrapper\"><header class=\"ebpg-entry-header\">\n            <p class=\"ebpg-entry-title\">\n                <a class=\"ebpg-carousel-post-link\" href=\"https:\/\/moararchitects.com\/es\/portfolio\/diseno-de-interiores-francia\/\" title=\"Refugio Costero: Interiores de Casa en Para\u00edso Caribe Franc\u00e9s\">Refugio Costero: Interiores de Casa en Para\u00edso Caribe Franc\u00e9s<\/a>\n            <\/p>\n        <\/header><\/div><\/div><\/article><article class=\"ebpg-carousel-post ebpg-post-carousel-column\" data-id=\"4363\"><div class=\"ebpg-carousel-post-holder\"><a class=\"ebpg-post-link-wrapper eb-sr-only\" href=\"https:\/\/moararchitects.com\/es\/portfolio\/curtis-kitchen\/\">Cocinas con elegancia tropical en la Rep\u00fablica Dominicana<\/a><div class=\"ebpg-entry-media\">\n                <div class=\"ebpg-entry-thumbnail\">\n                    \n                    <img loading=\"lazy\" decoding=\"async\" width=\"1400\" height=\"544\" src=\"https:\/\/moararchitects.com\/wp-content\/uploads\/Prinicipal-Image-of-Tropical-Elegance-Kitchen-Design-in-the-Dominican-Republic-in-Moar-Architects.png\" class=\"attachment-full size-full\" alt=\"Dise\u00f1o de cocina Tropical Elegante en la Rep\u00fablica Dominicana, combina estilo y funcionalidad.\" \/>\n                <\/div>\n            <\/div><div class=\"ebpg-entry-wrapper\"><header class=\"ebpg-entry-header\">\n            <p class=\"ebpg-entry-title\">\n                <a class=\"ebpg-carousel-post-link\" href=\"https:\/\/moararchitects.com\/es\/portfolio\/curtis-kitchen\/\" title=\"Cocinas con elegancia tropical en la Rep\u00fablica Dominicana\">Cocinas con elegancia tropical en la Rep\u00fablica Dominicana<\/a>\n            <\/p>\n        <\/header><\/div><\/div><\/article>            <\/div>\n        <\/div>\n    <\/div>\n<\/div>\n<\/div>\n<\/div>","protected":false},"excerpt":{"rendered":"<p>Portafolio en Moar Architects Bienvenidos a nuestro portafolio en MOAR, donde compartimos experiencias significativas y soluciones innovadoras implementadas para nuestros &#8230; <a title=\"Portafolio\" class=\"read-more\" href=\"https:\/\/moararchitects.com\/es\/portafolio\/\" aria-label=\"Leer m\u00e1s sobre Portafolio\">Read More<\/a><\/p>\n","protected":false},"author":1,"featured_media":0,"parent":0,"menu_order":0,"comment_status":"closed","ping_status":"closed","template":"","meta":{"_eb_attr":"","footnotes":""},"class_list":["post-4307","page","type-page","status-publish"],"yoast_head":"<!-- This site is optimized with the Yoast SEO plugin v23.6 - https:\/\/yoast.com\/wordpress\/plugins\/seo\/ -->\n<title>Portafolio<\/title>\n<meta name=\"description\" content=\"Descubre el portafolio de MOAR con historias de \u00e9xito, soluciones personalizadas y resultados tangibles alcanzados.\" \/>\n<meta name=\"robots\" content=\"index, follow, max-snippet:-1, max-image-preview:large, max-video-preview:-1\" \/>\n<link rel=\"canonical\" href=\"https:\/\/moararchitects.com\/es\/portafolio\/\" \/>\n<meta property=\"og:locale\" content=\"es_ES\" \/>\n<meta property=\"og:type\" content=\"article\" \/>\n<meta property=\"og:title\" content=\"Portafolio - MOAR Architects\" \/>\n<meta property=\"og:description\" content=\"Descubre el portafolio de MOAR con historias de \u00e9xito, soluciones personalizadas y resultados tangibles alcanzados.\" \/>\n<meta property=\"og:url\" content=\"https:\/\/moararchitects.com\/es\/portafolio\/\" \/>\n<meta property=\"og:site_name\" content=\"MOAR Architects\" \/>\n<meta property=\"article:publisher\" content=\"https:\/\/www.facebook.com\/profile.php?id=100063985485826\" \/>\n<meta property=\"article:modified_time\" content=\"2024-07-02T00:29:43+00:00\" \/>\n<meta property=\"og:image\" content=\"https:\/\/moararchitects.com\/wp-content\/uploads\/MOAR-Logo-Brown.png\" \/>\n\t<meta property=\"og:image:width\" content=\"1077\" \/>\n\t<meta property=\"og:image:height\" content=\"345\" \/>\n\t<meta property=\"og:image:type\" content=\"image\/png\" \/>\n<meta name=\"twitter:card\" content=\"summary_large_image\" \/>\n<meta name=\"twitter:site\" content=\"@Moar_Architect\" \/>\n<meta name=\"twitter:label1\" content=\"Tiempo de lectura\" \/>\n\t<meta name=\"twitter:data1\" content=\"1 minuto\" \/>\n<!-- \/ Yoast SEO plugin. -->","yoast_head_json":{"title":"Portafolio","description":"Descubre el portafolio de MOAR con historias de \u00e9xito, soluciones personalizadas y resultados tangibles alcanzados.","robots":{"index":"index","follow":"follow","max-snippet":"max-snippet:-1","max-image-preview":"max-image-preview:large","max-video-preview":"max-video-preview:-1"},"canonical":"https:\/\/moararchitects.com\/es\/portafolio\/","og_locale":"es_ES","og_type":"article","og_title":"Portafolio - MOAR Architects","og_description":"Descubre el portafolio de MOAR con historias de \u00e9xito, soluciones personalizadas y resultados tangibles alcanzados.","og_url":"https:\/\/moararchitects.com\/es\/portafolio\/","og_site_name":"MOAR Architects","article_publisher":"https:\/\/www.facebook.com\/profile.php?id=100063985485826","article_modified_time":"2024-07-02T00:29:43+00:00","og_image":[{"width":1077,"height":345,"url":"https:\/\/moararchitects.com\/wp-content\/uploads\/MOAR-Logo-Brown.png","type":"image\/png"}],"twitter_card":"summary_large_image","twitter_site":"@Moar_Architect","twitter_misc":{"Tiempo de lectura":"1 minuto"},"schema":{"@context":"https:\/\/schema.org","@graph":[{"@type":"WebPage","@id":"https:\/\/moararchitects.com\/es\/portafolio\/","url":"https:\/\/moararchitects.com\/es\/portafolio\/","name":"Portafolio - MOAR Architects","isPartOf":{"@id":"https:\/\/moararchitects.com\/es\/#website"},"datePublished":"2023-12-12T14:34:39+00:00","dateModified":"2024-07-02T00:29:43+00:00","description":"Descubre el portafolio de MOAR con historias de \u00e9xito, soluciones personalizadas y resultados tangibles alcanzados.","breadcrumb":{"@id":"https:\/\/moararchitects.com\/es\/portafolio\/#breadcrumb"},"inLanguage":"es","potentialAction":[{"@type":"ReadAction","target":["https:\/\/moararchitects.com\/es\/portafolio\/"]}]},{"@type":"BreadcrumbList","@id":"https:\/\/moararchitects.com\/es\/portafolio\/#breadcrumb","itemListElement":[{"@type":"ListItem","position":1,"name":"Home","item":"https:\/\/moararchitects.com\/es\/"},{"@type":"ListItem","position":2,"name":"Portafolio"}]},{"@type":"WebSite","@id":"https:\/\/moararchitects.com\/es\/#website","url":"https:\/\/moararchitects.com\/es\/","name":"MOAR Architects","description":"","publisher":{"@id":"https:\/\/moararchitects.com\/es\/#organization"},"potentialAction":[{"@type":"SearchAction","target":{"@type":"EntryPoint","urlTemplate":"https:\/\/moararchitects.com\/es\/?s={search_term_string}"},"query-input":{"@type":"PropertyValueSpecification","valueRequired":true,"valueName":"search_term_string"}}],"inLanguage":"es"},{"@type":"Organization","@id":"https:\/\/moararchitects.com\/es\/#organization","name":"MOAR Architects","url":"https:\/\/moararchitects.com\/es\/","logo":{"@type":"ImageObject","inLanguage":"es","@id":"https:\/\/moararchitects.com\/es\/#\/schema\/logo\/image\/","url":"https:\/\/moararchitects.com\/wp-content\/uploads\/MOAR-Logo-Favicon.png","contentUrl":"https:\/\/moararchitects.com\/wp-content\/uploads\/MOAR-Logo-Favicon.png","width":250,"height":250,"caption":"MOAR Architects"},"image":{"@id":"https:\/\/moararchitects.com\/es\/#\/schema\/logo\/image\/"},"sameAs":["https:\/\/www.facebook.com\/profile.php?id=100063985485826","https:\/\/x.com\/Moar_Architect","https:\/\/www.instagram.com\/moararchitects\/"]}]}},"_links":{"self":[{"href":"https:\/\/moararchitects.com\/es\/wp-json\/wp\/v2\/pages\/4307"}],"collection":[{"href":"https:\/\/moararchitects.com\/es\/wp-json\/wp\/v2\/pages"}],"about":[{"href":"https:\/\/moararchitects.com\/es\/wp-json\/wp\/v2\/types\/page"}],"author":[{"embeddable":true,"href":"https:\/\/moararchitects.com\/es\/wp-json\/wp\/v2\/users\/1"}],"replies":[{"embeddable":true,"href":"https:\/\/moararchitects.com\/es\/wp-json\/wp\/v2\/comments?post=4307"}],"version-history":[{"count":2,"href":"https:\/\/moararchitects.com\/es\/wp-json\/wp\/v2\/pages\/4307\/revisions"}],"predecessor-version":[{"id":4311,"href":"https:\/\/moararchitects.com\/es\/wp-json\/wp\/v2\/pages\/4307\/revisions\/4311"}],"wp:attachment":[{"href":"https:\/\/moararchitects.com\/es\/wp-json\/wp\/v2\/media?parent=4307"}],"curies":[{"name":"wp","href":"https:\/\/api.w.org\/{rel}","templated":true}]}}