{"id":4312,"date":"2023-12-04T00:00:32","date_gmt":"2023-12-04T00:00:32","guid":{"rendered":"https:\/\/moararchitects.com\/about-us\/"},"modified":"2024-10-18T19:56:52","modified_gmt":"2024-10-18T19:56:52","slug":"sobre-nosotros","status":"publish","type":"page","link":"https:\/\/moararchitects.com\/es\/sobre-nosotros\/","title":{"rendered":"Sobre nosotros"},"content":{"rendered":"<div class=\"gb-container gb-container-66a81e7f\">\n<div class=\"gb-container gb-container-f357c835\">\n<div class=\"gb-grid-wrapper gb-grid-wrapper-b9e2bde6\">\n<div class=\"gb-grid-column gb-grid-column-0ea130fc\"><div class=\"gb-container gb-container-0ea130fc\">\n<div class=\"wp-block-image\">\n<figure class=\"aligncenter size-full\"><img loading=\"lazy\" decoding=\"async\" width=\"440\" height=\"440\" src=\"https:\/\/moararchitects.com\/wp-content\/uploads\/Moar-Architects-About-Us.webp\" alt=\"Moar-Architects-About-Us\" class=\"wp-image-3732\" srcset=\"https:\/\/moararchitects.com\/wp-content\/uploads\/Moar-Architects-About-Us.webp 440w, https:\/\/moararchitects.com\/wp-content\/uploads\/Moar-Architects-About-Us-300x300.webp 300w, https:\/\/moararchitects.com\/wp-content\/uploads\/Moar-Architects-About-Us-150x150.webp 150w\" sizes=\"(max-width: 440px) 100vw, 440px\" \/><\/figure><\/div>\n<\/div><\/div>\n\n<div class=\"gb-grid-column gb-grid-column-ec6326c4\"><div class=\"gb-container gb-container-ec6326c4\">\n\n<h2 class=\"gb-headline gb-headline-365813d2 gb-headline-text\"><mark class=\"gb-highlight\">Somos<\/mark> Moar Architects<\/h2>\n\n\n\n<p>MOAR es la fusi\u00f3n de dos colegas que han trabajado juntas desde la escuela de arquitectura. Ambas tienen un inter\u00e9s en crear dise\u00f1os funcionales y originales. Los primeros proyectos surgieron en un taller con amistades y luego dieron el salto a una experiencia transformadora: la migraci\u00f3n a un nuevo pa\u00eds.<\/p>\n\n\n\n<p>Durante los siguientes dos a\u00f1os, trabajaron en diferentes empresas: una era una peque\u00f1a firma arquitect\u00f3nica que constru\u00eda proyectos residenciales e institucionales, y la otra era una empresa minorista, pero siempre con el mismo objetivo en mente: financiar su propia firma.<\/p>\n\n\n\n<p>Como arquitectas que colaboran con m\u00faltiples empresas y clientes en todo el mundo, han desarrollado un amplio conocimiento de normativas y estilos, as\u00ed como estrategias de gesti\u00f3n de l\u00edderes. Han crecido, aprendido y se han centrado a\u00fan m\u00e1s en sus objetivos, estrategias y nichos.<\/p>\n\n\n\n<p>Crear una red de clientes que conf\u00eden en ellas ha sido una de las experiencias m\u00e1s especiales, al igual que poder compartir con un equipo en crecimiento incre\u00edble.<\/p>\n\n\n\n<a class=\"gb-button gb-button-d268b153 gb-button-text\" href=\"https:\/\/moararchitects.com\/contact\/\">\u00a1Trabajemos juntos!<\/a>\n\n<\/div><\/div>\n<\/div>\n<\/div>\n<\/div>\n\n<div class=\"gb-container gb-container-fad258b1\">\n<div class=\"gb-container gb-container-8edc6066\">\n\n<h2 class=\"gb-headline gb-headline-810caaf4 gb-headline-text\">Nuestro Equipo<\/h2>\n\n\n\n<p class=\"has-text-align-center\">Moar Architects es una firma de arquitectura fundada por Desiree Moraes y Karen Arrioja, dos arquitectas y artistas que comparten una pasi\u00f3n profunda por la arquitectura y el dise\u00f1o de interiores. Nos dedicamos a innovar y aprender continuamente para ofrecer est\u00e9ticas personalizadas y proyectos que reflejen la identidad \u00fanica de cada cliente.<\/p>\n\n\n<div class=\"gb-container gb-container-6041755e\">\n<div class=\"gb-grid-wrapper gb-grid-wrapper-7a977b17\">\n<div class=\"gb-grid-column gb-grid-column-936baace\"><div class=\"gb-container gb-container-936baace\">\n\n<figure class=\"wp-block-image size-full\"><a href=\"\/author\/desiree-moraes\/\"><img loading=\"lazy\" decoding=\"async\" width=\"158\" height=\"159\" src=\"https:\/\/moararchitects.com\/wp-content\/uploads\/Thumbnail-Image-of-Desiree-Moraes.png\" alt=\"Thumbnail Image of Desiree Moraes\" class=\"wp-image-3795\" srcset=\"https:\/\/moararchitects.com\/wp-content\/uploads\/Thumbnail-Image-of-Desiree-Moraes.png 158w, https:\/\/moararchitects.com\/wp-content\/uploads\/Thumbnail-Image-of-Desiree-Moraes-150x150.png 150w\" sizes=\"(max-width: 158px) 100vw, 158px\" \/><\/a><\/figure>\n\n\n\n<p class=\"has-text-align-center\"><a href=\"\/author\/desiree-moraes\/\">Desiree Moraes<\/a><\/p>\n\n\n\n<p class=\"has-text-align-center\">Desiree es responsable de la comunicaci\u00f3n con los clientes y del cierre de contratos. Adem\u00e1s, es arquitecta y dise\u00f1adora de interiores.<\/p>\n\n<\/div><\/div>\n\n<div class=\"gb-grid-column gb-grid-column-e5de0820\"><div class=\"gb-container gb-container-e5de0820\">\n\n<figure class=\"wp-block-image size-full\"><a href=\"\/author\/karen-arrioja\/\"><img loading=\"lazy\" decoding=\"async\" width=\"158\" height=\"159\" src=\"https:\/\/moararchitects.com\/wp-content\/uploads\/Thumbnail-Image-of-Karen-Arrioja.png\" alt=\"Thumbnail Image of Karen Arrioja\" class=\"wp-image-3794\" srcset=\"https:\/\/moararchitects.com\/wp-content\/uploads\/Thumbnail-Image-of-Karen-Arrioja.png 158w, https:\/\/moararchitects.com\/wp-content\/uploads\/Thumbnail-Image-of-Karen-Arrioja-150x150.png 150w\" sizes=\"(max-width: 158px) 100vw, 158px\" \/><\/a><\/figure>\n\n\n\n<p class=\"has-text-align-center\"><a href=\"\/author\/karen-arrioja\/\">Karen Arrioja<\/a><\/p>\n\n\n\n<p class=\"has-text-align-center\">Adem\u00e1s de desempe\u00f1arse como arquitecta y dise\u00f1adora, Karen lidera la planificaci\u00f3n y organizaci\u00f3n de proyectos, as\u00ed como la coordinaci\u00f3n de las tareas del equipo.<\/p>\n\n<\/div><\/div>\n<\/div>\n<\/div>\n<\/div>\n<\/div>\n\n<div class=\"gb-container gb-container-8e42230b\">\n<div class=\"gb-container gb-container-945b3d9e\">\n\n<h2 class=\"gb-headline gb-headline-e0de10e5 gb-headline-text\">Lo Que Dicen <mark class=\"gb-highlight\">Nuestros Clientes<\/mark><\/h2>\n\n\n\n<p>Algunas opiniones de nuestros clientes<\/p>\n\n\n<div class=\"gb-container gb-container-76251a54\">\n<div class=\"gb-grid-wrapper gb-grid-wrapper-c53f74df\">\n<div class=\"gb-grid-column gb-grid-column-6588c368\"><div class=\"gb-container gb-container-6588c368\">\n\n<h6 class=\"gb-headline gb-headline-aa2762e2 gb-headline-text\">Dise\u00f1o CAD residencial y modelado 3D<\/h6>\n\n\n\n<p><em><em>Moar Architects demostr\u00f3 una visi\u00f3n excepcional y la plasm\u00f3 f\u00e1cilmente en papel. Desde el primer momento, captaron perfectamente mi visi\u00f3n para un edificio residencial multifamiliar. Sin duda, volver\u00eda a trabajar con ellos.<\/em><\/em><\/p>\n\n\n\n<p class=\"gb-headline gb-headline-08cd3863 gb-headline-text\">Finalizaci\u00f3n del Proyecto  &#8211; Oct 19, 2020<\/p>\n\n<\/div><\/div>\n\n<div class=\"gb-grid-column gb-grid-column-a1c54f87\"><div class=\"gb-container gb-container-a1c54f87\">\n\n<h6 class=\"gb-headline gb-headline-094ea3a7 gb-headline-text\">El equipo fue extremadamente servicial.<\/h6>\n\n\n\n<p><em>Crearon un render completo y una <a href=\"https:\/\/es.wikipedia.org\/wiki\/Animaci%C3%B3n_por_computadora\">animaci\u00f3n en 3D<\/a> para nuestro nuevo departamento, lo que nos permiti\u00f3 coordinar a los artesanos y dise\u00f1ar la cocina, el ba\u00f1o y los muebles empotrados perfectamente. Prestaron gran atenci\u00f3n a los detalles, fueron muy pacientes y transformaron cada solicitud en un dise\u00f1o espectacular.<\/em><\/p>\n\n\n\n<p class=\"has-text-align-left\">Dise\u00f1o de interiores &#8211; Jan 20, 2021<\/p>\n\n<\/div><\/div>\n\n<div class=\"gb-grid-column gb-grid-column-ebf8b1fb\"><div class=\"gb-container gb-container-ebf8b1fb\">\n\n<h6 class=\"gb-headline gb-headline-0e900652 gb-headline-text\">Trabajo en Equipo<\/h6>\n\n\n\n<p><em>El equipo de MOAR es excelente para trabajar y tiene valiosos conocimientos y visi\u00f3n de dise\u00f1o. Son muy productivos y completan el trabajo de manera oportuna.<\/em><\/p>\n\n\n\n<p class=\"has-text-align-left\">Planos de Construcci\u00f3n Residencial &#8211; Jan 17, 2022<\/p>\n\n<\/div><\/div>\n<\/div>\n<\/div>\n<\/div>\n<\/div>\n\n<div class=\"gb-container gb-container-a6d306b8\">\n<div class=\"gb-container gb-container-65f3c0a7\">\n\n<h2 class=\"gb-headline gb-headline-dbf1c8a7 gb-headline-text\">Transforma tu <mark class=\"gb-highlight\">Visi\u00f3n en Realidad<\/mark> on MOAR Architects. \u00bf<mark class=\"gb-highlight\">Listo para empezar<\/mark>?<\/h2>\n\n\n\n<a class=\"gb-button gb-button-66d30b76 gb-button-text\" href=\"https:\/\/moararchitects.com\/contact\/\">\u00a1Trabajemos juntos!<\/a>\n\n<\/div>\n<\/div>\n\n<div class=\"gb-container gb-container-c7c4dda3\">\n<div class=\"gb-container gb-container-3b906119\">\n\n<h2 class=\"gb-headline gb-headline-45757d3e gb-headline-text\"><mark class=\"gb-highlight\">Nuestro Trabajo<\/mark> Moar Architects<\/h2>\n\n\n\n<p class=\"has-text-align-center\">Descubre nuestra arquitectura excepcional en nuestro portafolio destacado, donde se entrelazan sue\u00f1os y excelencia para crear obras inspiradoras.<\/p>\n\n\n\n<\/div>\n<\/div>\n\n<div class=\"gb-container gb-container-aae935b8\">\n<div class=\"gb-container gb-container-03d4ce57\">\n\n<h2 class=\"gb-headline gb-headline-c0ce27d7 gb-headline-text\"><mark class=\"gb-highlight\">Nuestros Servicios<\/mark> en Moar Architects<\/h2>\n\n\n\n<p class=\"has-text-align-center has-base-3-color has-text-color has-link-color wp-elements-11f5a6186748584b2e8db1e8ec5b4c3a\">Dise\u00f1amos tus sue\u00f1os con calidad y excelencia.<\/p>\n\n\n<div class=\"gb-grid-wrapper gb-grid-wrapper-0a062d18\">\n<div class=\"gb-grid-column gb-grid-column-d1e23cc3\"><div class=\"gb-container gb-container-d1e23cc3\">\n\n<figure class=\"wp-block-image size-full\"><img loading=\"lazy\" decoding=\"async\" width=\"107\" height=\"106\" src=\"https:\/\/moararchitects.com\/wp-content\/uploads\/Icon-of-Interior-Design-in-Moar-Architects.png\" alt=\"Icon of Interior Design in Moar Architects\" class=\"wp-image-3682\"\/><\/figure>\n\n\n\n<h3 class=\"gb-headline gb-headline-21d6762e gb-headline-text\">Dise\u00f1o de Interiores<\/h3>\n\n\n\n<p>Convierte espacios en experiencias de vida extraordinarias. Dise\u00f1a interiores cautivadores, funcionales y atemporales que eleven tu calidad de vida con nosotros.<a href=\"https:\/\/moararchitects.com\/services\/interior-design\/\"><\/a><\/p>\n\n\n\n<a class=\"gb-button gb-button-cd6d804d gb-button-text\" href=\"https:\/\/moararchitects.com\/services\/interior-design\/\">\u00a1Trabajemos juntos!<\/a>\n\n<\/div><\/div>\n\n<div class=\"gb-grid-column gb-grid-column-73ab472f\"><div class=\"gb-container gb-container-73ab472f\">\n\n<figure class=\"wp-block-image size-full\"><img loading=\"lazy\" decoding=\"async\" width=\"107\" height=\"106\" src=\"https:\/\/moararchitects.com\/wp-content\/uploads\/Icon-of-Architectural-Design-in-Moar-Architects.png\" alt=\"Icon of Architectural Design in Moar Architects\" class=\"wp-image-3685\"\/><\/figure>\n\n\n\n<h3 class=\"gb-headline gb-headline-9a281af6 gb-headline-text\">Dise\u00f1o Arquitectonico<\/h3>\n\n\n\n<p>Adapt\u00e1ndonos a cada ubicaci\u00f3n, dise\u00f1amos tu futuro proyecto cumpliendo con todos los c\u00f3digos de construcci\u00f3n locales. Superamos tus expectativas con la ayuda de nuestros profesionales altamente calificados.<a href=\"https:\/\/moararchitects.com\/services\/architectural-design\/\"><\/a><\/p>\n\n\n\n<a class=\"gb-button gb-button-6c4261bc gb-button-text\" href=\"https:\/\/moararchitects.com\/services\/architectural-design\/\">\u00a1Trabajemos juntos!<\/a>\n\n<\/div><\/div>\n\n<div class=\"gb-grid-column gb-grid-column-f0e36cba\"><div class=\"gb-container gb-container-f0e36cba\">\n\n<figure class=\"wp-block-image size-full\"><img loading=\"lazy\" decoding=\"async\" width=\"107\" height=\"106\" src=\"https:\/\/moararchitects.com\/wp-content\/uploads\/Icon-of-Real-State-Marketing-in-Moar-Architects.png\" alt=\"Icon of Real State Marketing in Moar Architects\" class=\"wp-image-3686\"\/><\/figure>\n\n\n\n<h3 class=\"gb-headline gb-headline-c476c54e gb-headline-text\">Marketing para Bienes Ra\u00edces<\/h3>\n\n\n\n<p>Mejora tus anuncios con visuales de alta calidad: renders en 4K, recorridos inmersivos y planos en 3D. Convierte anuncios pasivos en ventas r\u00e1pidas. Haz que los compradores se enamoren de tu propiedad antes de visitarla.<a href=\"https:\/\/moararchitects.com\/services\/marketing-for-real-estate\/\"><\/a><\/p>\n\n\n\n<a class=\"gb-button gb-button-92bf9532 gb-button-text\" href=\"\/services\/marketing-for-real-estate\/\">\u00a1Trabajemos juntos!<\/a>\n\n<\/div><\/div>\n<\/div>\n<\/div>\n<\/div>\n\n<div class=\"gb-container gb-container-f585c404\">\n<div class=\"gb-container gb-container-378076a3\">\n\n<h2 class=\"gb-headline gb-headline-e3f035f0 gb-headline-text\">\u00daltimas publicaciones<\/h2>\n\n\n\n<p class=\"has-text-align-center\">Conecta tus herramientas, conecta tus equipos. Con m\u00e1s de 200 aplicaciones disponibles en nuestro directorio, las herramientas favoritas de tu equipo est\u00e1n a solo un clic de distancia.<\/p>\n\n\n\n<div class=\"gb-grid-wrapper gb-grid-wrapper-cf7887b0 gb-query-loop-wrapper\">\n<div class=\"gb-grid-column gb-grid-column-a31192d4 gb-query-loop-item post-4726 post type-post status-publish format-standard has-post-thumbnail hentry category-blog\"><article class=\"gb-container gb-container-a31192d4\">\n<figure class=\"gb-block-image gb-block-image-0d6a10ae\"><a href=\"https:\/\/moararchitects.com\/es\/blog\/diseno-urbano-creando-ciudades-habitables\/\"><img loading=\"lazy\" decoding=\"async\" width=\"1024\" height=\"688\" src=\"https:\/\/moararchitects.com\/wp-content\/uploads\/Thumbnail-image-of-Urban-Design-Creating-Livable-Cities-MOAR-ARCHITECTS-1024x688.jpg\" class=\"gb-image-0d6a10ae\" alt=\"Thumbnail image of Urban Design Creating Livable Cities MOAR ARCHITECTS\" srcset=\"https:\/\/moararchitects.com\/wp-content\/uploads\/Thumbnail-image-of-Urban-Design-Creating-Livable-Cities-MOAR-ARCHITECTS-1024x688.jpg 1024w, https:\/\/moararchitects.com\/wp-content\/uploads\/Thumbnail-image-of-Urban-Design-Creating-Livable-Cities-MOAR-ARCHITECTS-300x202.jpg 300w, https:\/\/moararchitects.com\/wp-content\/uploads\/Thumbnail-image-of-Urban-Design-Creating-Livable-Cities-MOAR-ARCHITECTS-768x516.jpg 768w, https:\/\/moararchitects.com\/wp-content\/uploads\/Thumbnail-image-of-Urban-Design-Creating-Livable-Cities-MOAR-ARCHITECTS.jpg 1280w\" sizes=\"(max-width: 1024px) 100vw, 1024px\" \/><\/a><\/figure>\n\n<div class=\"gb-container gb-container-e41694a0\">\n<h3 class=\"gb-headline gb-headline-7e65e4fc gb-headline-text\"><a href=\"https:\/\/moararchitects.com\/es\/blog\/diseno-urbano-creando-ciudades-habitables\/\">Dise\u00f1o Urbano: Creaci\u00f3n de Ciudades Habitables<\/a><\/h3>\n\n<p class=\"gb-headline gb-headline-08c441ad gb-headline-text\">Introducci\u00f3n El dise\u00f1o urbano es una disciplina fundamental que va m\u00e1s all\u00e1 de la simple construcci\u00f3n de edificios &#8230;<\/p>\n\n<a class=\"gb-button gb-button-12e9b8bb gb-button-text\" href=\"https:\/\/moararchitects.com\/es\/blog\/diseno-urbano-creando-ciudades-habitables\/\">Read More<\/a>\n<\/div>\n<\/article><\/div>\n\n<div class=\"gb-grid-column gb-grid-column-a31192d4 gb-query-loop-item post-4717 post type-post status-publish format-standard has-post-thumbnail hentry category-blog\"><article class=\"gb-container gb-container-a31192d4\">\n<figure class=\"gb-block-image gb-block-image-0d6a10ae\"><a href=\"https:\/\/moararchitects.com\/es\/blog\/tecnicas-de-visualizacion-arquitectonica\/\"><img loading=\"lazy\" decoding=\"async\" width=\"1024\" height=\"688\" src=\"https:\/\/moararchitects.com\/wp-content\/uploads\/Thumbnail-image-of-The-Architectural-Visualization-Techniques-MOAR-ARCHITECTS-1024x688.jpg\" class=\"gb-image-0d6a10ae\" alt=\"Thumbnail image of The Architectural Visualization Techniques MOAR ARCHITECTS\" srcset=\"https:\/\/moararchitects.com\/wp-content\/uploads\/Thumbnail-image-of-The-Architectural-Visualization-Techniques-MOAR-ARCHITECTS-1024x688.jpg 1024w, https:\/\/moararchitects.com\/wp-content\/uploads\/Thumbnail-image-of-The-Architectural-Visualization-Techniques-MOAR-ARCHITECTS-300x202.jpg 300w, https:\/\/moararchitects.com\/wp-content\/uploads\/Thumbnail-image-of-The-Architectural-Visualization-Techniques-MOAR-ARCHITECTS-768x516.jpg 768w, https:\/\/moararchitects.com\/wp-content\/uploads\/Thumbnail-image-of-The-Architectural-Visualization-Techniques-MOAR-ARCHITECTS.jpg 1280w\" sizes=\"(max-width: 1024px) 100vw, 1024px\" \/><\/a><\/figure>\n\n<div class=\"gb-container gb-container-e41694a0\">\n<h3 class=\"gb-headline gb-headline-7e65e4fc gb-headline-text\"><a href=\"https:\/\/moararchitects.com\/es\/blog\/tecnicas-de-visualizacion-arquitectonica\/\">T\u00e9cnicas de Visualizaci\u00f3n Arquitect\u00f3nica<\/a><\/h3>\n\n<p class=\"gb-headline gb-headline-08c441ad gb-headline-text\">Hoy en d\u00eda, las t\u00e9cnicas de visualizaci\u00f3n arquitect\u00f3nica se han convertido en una herramienta indispensable para arquitectos y &#8230;<\/p>\n\n<a class=\"gb-button gb-button-12e9b8bb gb-button-text\" href=\"https:\/\/moararchitects.com\/es\/blog\/tecnicas-de-visualizacion-arquitectonica\/\">Read More<\/a>\n<\/div>\n<\/article><\/div>\n\n<div class=\"gb-grid-column gb-grid-column-a31192d4 gb-query-loop-item post-4705 post type-post status-publish format-standard has-post-thumbnail hentry category-blog\"><article class=\"gb-container gb-container-a31192d4\">\n<figure class=\"gb-block-image gb-block-image-0d6a10ae\"><a href=\"https:\/\/moararchitects.com\/es\/blog\/el-papel-de-la-arquitectura-interior-en-el-diseno-moderno\/\"><img loading=\"lazy\" decoding=\"async\" width=\"1024\" height=\"688\" src=\"https:\/\/moararchitects.com\/wp-content\/uploads\/Thumbnail-image-of-The-Role-of-Interior-Architecture-in-Modern-Design-MOAR-ARCHITECTS-1-1024x688.jpg\" class=\"gb-image-0d6a10ae\" alt=\"Thumbnail image of The Role of Interior Architecture in Modern Design MOAR ARCHITECTS\" srcset=\"https:\/\/moararchitects.com\/wp-content\/uploads\/Thumbnail-image-of-The-Role-of-Interior-Architecture-in-Modern-Design-MOAR-ARCHITECTS-1-1024x688.jpg 1024w, https:\/\/moararchitects.com\/wp-content\/uploads\/Thumbnail-image-of-The-Role-of-Interior-Architecture-in-Modern-Design-MOAR-ARCHITECTS-1-300x202.jpg 300w, https:\/\/moararchitects.com\/wp-content\/uploads\/Thumbnail-image-of-The-Role-of-Interior-Architecture-in-Modern-Design-MOAR-ARCHITECTS-1-768x516.jpg 768w, https:\/\/moararchitects.com\/wp-content\/uploads\/Thumbnail-image-of-The-Role-of-Interior-Architecture-in-Modern-Design-MOAR-ARCHITECTS-1.jpg 1280w\" sizes=\"(max-width: 1024px) 100vw, 1024px\" \/><\/a><\/figure>\n\n<div class=\"gb-container gb-container-e41694a0\">\n<h3 class=\"gb-headline gb-headline-7e65e4fc gb-headline-text\"><a href=\"https:\/\/moararchitects.com\/es\/blog\/el-papel-de-la-arquitectura-interior-en-el-diseno-moderno\/\">El Papel de la Arquitectura Interior en el Dise\u00f1o Moderno<\/a><\/h3>\n\n<p class=\"gb-headline gb-headline-08c441ad gb-headline-text\">La relaci\u00f3n entre la arquitectura y el dise\u00f1o interior ha evolucionado significativamente en los \u00faltimos a\u00f1os. Durante mucho &#8230;<\/p>\n\n<a class=\"gb-button gb-button-12e9b8bb gb-button-text\" href=\"https:\/\/moararchitects.com\/es\/blog\/el-papel-de-la-arquitectura-interior-en-el-diseno-moderno\/\">Read More<\/a>\n<\/div>\n<\/article><\/div>\n<\/div>\n\n<\/div>\n<\/div>","protected":false},"excerpt":{"rendered":"<p>Nuestro Equipo Moar Architects es una firma de arquitectura fundada por Desiree Moraes y Karen Arrioja, dos arquitectas y artistas &#8230; <a title=\"Sobre nosotros\" class=\"read-more\" href=\"https:\/\/moararchitects.com\/es\/sobre-nosotros\/\" aria-label=\"Leer m\u00e1s sobre Sobre nosotros\">Read More<\/a><\/p>\n","protected":false},"author":1,"featured_media":0,"parent":0,"menu_order":0,"comment_status":"closed","ping_status":"closed","template":"","meta":{"_eb_attr":"","footnotes":""},"class_list":["post-4312","page","type-page","status-publish"],"yoast_head":"<!-- This site is optimized with the Yoast SEO plugin v23.6 - https:\/\/yoast.com\/wordpress\/plugins\/seo\/ -->\n<title>Sobre Nosotros: Tu Socio en Dise\u00f1o Arquitect\u00f3nico<\/title>\n<meta name=\"description\" content=\"Descubre las creaciones \u00fanicas y arquitect\u00f3nicas de MOAR, un d\u00fao din\u00e1mico que combina funcionalidad con creatividad innovadora.\" \/>\n<meta name=\"robots\" content=\"index, follow, max-snippet:-1, max-image-preview:large, max-video-preview:-1\" \/>\n<link rel=\"canonical\" href=\"https:\/\/moararchitects.com\/es\/sobre-nosotros\/\" \/>\n<meta property=\"og:locale\" content=\"es_ES\" \/>\n<meta property=\"og:type\" content=\"article\" \/>\n<meta property=\"og:title\" content=\"Sobre Nosotros: Tu Socio en Dise\u00f1o Arquitect\u00f3nico\" \/>\n<meta property=\"og:description\" content=\"Descubre las creaciones \u00fanicas y arquitect\u00f3nicas de MOAR, un d\u00fao din\u00e1mico que combina funcionalidad con creatividad innovadora.\" \/>\n<meta property=\"og:url\" content=\"https:\/\/moararchitects.com\/es\/sobre-nosotros\/\" \/>\n<meta property=\"og:site_name\" content=\"MOAR Architects\" \/>\n<meta property=\"article:publisher\" content=\"https:\/\/www.facebook.com\/profile.php?id=100063985485826\" \/>\n<meta property=\"article:modified_time\" content=\"2024-10-18T19:56:52+00:00\" \/>\n<meta property=\"og:image\" content=\"https:\/\/moararchitects.com\/wp-content\/uploads\/Moar-Architects-About-Us.webp\" \/>\n\t<meta property=\"og:image:width\" content=\"440\" \/>\n\t<meta property=\"og:image:height\" content=\"440\" \/>\n\t<meta property=\"og:image:type\" content=\"image\/webp\" \/>\n<meta name=\"twitter:card\" content=\"summary_large_image\" \/>\n<meta name=\"twitter:site\" content=\"@Moar_Architect\" \/>\n<meta name=\"twitter:label1\" content=\"Tiempo de lectura\" \/>\n\t<meta name=\"twitter:data1\" content=\"8 minutos\" \/>\n<!-- \/ Yoast SEO plugin. -->","yoast_head_json":{"title":"Sobre Nosotros: Tu Socio en Dise\u00f1o Arquitect\u00f3nico","description":"Descubre las creaciones \u00fanicas y arquitect\u00f3nicas de MOAR, un d\u00fao din\u00e1mico que combina funcionalidad con creatividad innovadora.","robots":{"index":"index","follow":"follow","max-snippet":"max-snippet:-1","max-image-preview":"max-image-preview:large","max-video-preview":"max-video-preview:-1"},"canonical":"https:\/\/moararchitects.com\/es\/sobre-nosotros\/","og_locale":"es_ES","og_type":"article","og_title":"Sobre Nosotros: Tu Socio en Dise\u00f1o Arquitect\u00f3nico","og_description":"Descubre las creaciones \u00fanicas y arquitect\u00f3nicas de MOAR, un d\u00fao din\u00e1mico que combina funcionalidad con creatividad innovadora.","og_url":"https:\/\/moararchitects.com\/es\/sobre-nosotros\/","og_site_name":"MOAR Architects","article_publisher":"https:\/\/www.facebook.com\/profile.php?id=100063985485826","article_modified_time":"2024-10-18T19:56:52+00:00","og_image":[{"width":440,"height":440,"url":"https:\/\/moararchitects.com\/wp-content\/uploads\/Moar-Architects-About-Us.webp","type":"image\/webp"}],"twitter_card":"summary_large_image","twitter_site":"@Moar_Architect","twitter_misc":{"Tiempo de lectura":"8 minutos"},"schema":{"@context":"https:\/\/schema.org","@graph":[{"@type":"WebPage","@id":"https:\/\/moararchitects.com\/es\/sobre-nosotros\/","url":"https:\/\/moararchitects.com\/es\/sobre-nosotros\/","name":"Sobre Nosotros: Tu Socio en Dise\u00f1o Arquitect\u00f3nico","isPartOf":{"@id":"https:\/\/moararchitects.com\/es\/#website"},"primaryImageOfPage":{"@id":"https:\/\/moararchitects.com\/es\/sobre-nosotros\/#primaryimage"},"image":{"@id":"https:\/\/moararchitects.com\/es\/sobre-nosotros\/#primaryimage"},"thumbnailUrl":"https:\/\/moararchitects.com\/wp-content\/uploads\/Moar-Architects-About-Us.webp","datePublished":"2023-12-04T00:00:32+00:00","dateModified":"2024-10-18T19:56:52+00:00","description":"Descubre las creaciones \u00fanicas y arquitect\u00f3nicas de MOAR, un d\u00fao din\u00e1mico que combina funcionalidad con creatividad innovadora.","breadcrumb":{"@id":"https:\/\/moararchitects.com\/es\/sobre-nosotros\/#breadcrumb"},"inLanguage":"es","potentialAction":[{"@type":"ReadAction","target":["https:\/\/moararchitects.com\/es\/sobre-nosotros\/"]}]},{"@type":"ImageObject","inLanguage":"es","@id":"https:\/\/moararchitects.com\/es\/sobre-nosotros\/#primaryimage","url":"https:\/\/moararchitects.com\/wp-content\/uploads\/Moar-Architects-About-Us.webp","contentUrl":"https:\/\/moararchitects.com\/wp-content\/uploads\/Moar-Architects-About-Us.webp"},{"@type":"BreadcrumbList","@id":"https:\/\/moararchitects.com\/es\/sobre-nosotros\/#breadcrumb","itemListElement":[{"@type":"ListItem","position":1,"name":"Home","item":"https:\/\/moararchitects.com\/es\/"},{"@type":"ListItem","position":2,"name":"Sobre nosotros"}]},{"@type":"WebSite","@id":"https:\/\/moararchitects.com\/es\/#website","url":"https:\/\/moararchitects.com\/es\/","name":"MOAR Architects","description":"","publisher":{"@id":"https:\/\/moararchitects.com\/es\/#organization"},"potentialAction":[{"@type":"SearchAction","target":{"@type":"EntryPoint","urlTemplate":"https:\/\/moararchitects.com\/es\/?s={search_term_string}"},"query-input":{"@type":"PropertyValueSpecification","valueRequired":true,"valueName":"search_term_string"}}],"inLanguage":"es"},{"@type":"Organization","@id":"https:\/\/moararchitects.com\/es\/#organization","name":"MOAR Architects","url":"https:\/\/moararchitects.com\/es\/","logo":{"@type":"ImageObject","inLanguage":"es","@id":"https:\/\/moararchitects.com\/es\/#\/schema\/logo\/image\/","url":"https:\/\/moararchitects.com\/wp-content\/uploads\/MOAR-Logo-Favicon.png","contentUrl":"https:\/\/moararchitects.com\/wp-content\/uploads\/MOAR-Logo-Favicon.png","width":250,"height":250,"caption":"MOAR Architects"},"image":{"@id":"https:\/\/moararchitects.com\/es\/#\/schema\/logo\/image\/"},"sameAs":["https:\/\/www.facebook.com\/profile.php?id=100063985485826","https:\/\/x.com\/Moar_Architect","https:\/\/www.instagram.com\/moararchitects\/"]}]}},"_links":{"self":[{"href":"https:\/\/moararchitects.com\/es\/wp-json\/wp\/v2\/pages\/4312"}],"collection":[{"href":"https:\/\/moararchitects.com\/es\/wp-json\/wp\/v2\/pages"}],"about":[{"href":"https:\/\/moararchitects.com\/es\/wp-json\/wp\/v2\/types\/page"}],"author":[{"embeddable":true,"href":"https:\/\/moararchitects.com\/es\/wp-json\/wp\/v2\/users\/1"}],"replies":[{"embeddable":true,"href":"https:\/\/moararchitects.com\/es\/wp-json\/wp\/v2\/comments?post=4312"}],"version-history":[{"count":4,"href":"https:\/\/moararchitects.com\/es\/wp-json\/wp\/v2\/pages\/4312\/revisions"}],"predecessor-version":[{"id":4890,"href":"https:\/\/moararchitects.com\/es\/wp-json\/wp\/v2\/pages\/4312\/revisions\/4890"}],"wp:attachment":[{"href":"https:\/\/moararchitects.com\/es\/wp-json\/wp\/v2\/media?parent=4312"}],"curies":[{"name":"wp","href":"https:\/\/api.w.org\/{rel}","templated":true}]}}