{"id":4382,"date":"2023-12-12T20:15:06","date_gmt":"2023-12-12T20:15:06","guid":{"rendered":"https:\/\/moararchitects.com\/privacy-policy\/"},"modified":"2024-10-18T19:12:22","modified_gmt":"2024-10-18T19:12:22","slug":"politica-de-privacidad","status":"publish","type":"page","link":"https:\/\/moararchitects.com\/es\/politica-de-privacidad\/","title":{"rendered":"Pol\u00edtica de privacidad"},"content":{"rendered":"<div class=\"gb-container gb-container-01f2ae08\">\n<div class=\"gb-container gb-container-4fce5688\">\n\n<h2 class=\"gb-headline gb-headline-e33e220b gb-headline-text\"><strong>Pol\u00edtica de privacidad de moararchitects.com<\/strong><\/h2>\n\n\n\n<p>Bienvenido a moararchitects.com, la plataforma online de servicios de arquitectura. Esta Pol\u00edtica de Privacidad est\u00e1 dise\u00f1ada para informarle sobre c\u00f3mo recopilamos, utilizamos y protegemos su informaci\u00f3n personal en cumplimiento de las leyes de protecci\u00f3n de datos aplicables, incluido el Reglamento General de Protecci\u00f3n de Datos (GDPR) para los usuarios de la Uni\u00f3n Europea (UE) y las regulaciones bajo la Ley de Privacidad del Consumidor de California (CCPA) para los usuarios de los Estados Unidos. Al acceder o utilizar nuestro sitio web, usted acepta los t\u00e9rminos descritos en la presente Pol\u00edtica de Privacidad.<\/p>\n\n\n\n<h2 class=\"gb-headline gb-headline-1cb6845e gb-headline-text\"><strong>Informaci\u00f3n que recopilamos<\/strong><\/h2>\n\n\n\n<h3 class=\"gb-headline gb-headline-72d6d319 gb-headline-text\"><strong>1.1 Informaci\u00f3n personal recogida directamente<\/strong><\/h3>\n\n\n\n<p>Podemos recopilar la siguiente informaci\u00f3n personal directamente de usted:<\/p>\n\n\n\n<ul class=\"wp-block-list\">\n<li>Nombres<\/li>\n\n\n\n<li>N\u00fameros de tel\u00e9fono<\/li>\n\n\n\n<li>Direcciones de correo electr\u00f3nico<\/li>\n\n\n\n<li>Direcciones postales<\/li>\n\n\n\n<li>Cargos<\/li>\n<\/ul>\n\n\n\n<h3 class=\"gb-headline gb-headline-13a9e970 gb-headline-text\"><strong>1.2 Informaci\u00f3n personal recopilada autom\u00e1ticamente (datos derivados)<\/strong><\/h3>\n\n\n\n<p>Tambi\u00e9n podemos recopilar datos derivados autom\u00e1ticamente mediante el uso de servicios de seguimiento y an\u00e1lisis, como:<\/p>\n\n\n\n<ul class=\"wp-block-list\">\n<li>Datos de registro y uso: Esto incluye informaci\u00f3n relacionada con el servicio, el diagn\u00f3stico, el uso y el rendimiento, como direcciones IP, tipo y configuraci\u00f3n del navegador y actividad del usuario en el sitio web.<\/li>\n\n\n\n<li>Datos del dispositivo: Incluye informaci\u00f3n sobre su dispositivo, como los n\u00fameros de identificaci\u00f3n del dispositivo y de la aplicaci\u00f3n, la ubicaci\u00f3n, el modelo de hardware y el proveedor de servicios de Internet o el operador de telefon\u00eda m\u00f3vil.<\/li>\n\n\n\n<li>Datos de localizaci\u00f3n: Incluye informaci\u00f3n sobre la ubicaci\u00f3n de su dispositivo, como datos de geolocalizaci\u00f3n basados en su direcci\u00f3n IP.<\/li>\n<\/ul>\n\n\n\n<h2 class=\"gb-headline gb-headline-06c81a30 gb-headline-text\">2.<strong>Uso de la informaci\u00f3n<\/strong><\/h2>\n\n\n\n<p>Utilizamos la informaci\u00f3n recopilada para los siguientes fines:<\/p>\n\n\n\n<ul class=\"wp-block-list\">\n<li>Para prestar y mantener nuestros servicios de arquitectura<\/li>\n\n\n\n<li>Para comunicarnos con usted en relaci\u00f3n con nuestros servicios y actualizaciones<\/li>\n\n\n\n<li>Para mejorar la funcionalidad de nuestro sitio web y la experiencia del usuario<\/li>\n\n\n\n<li>Con fines anal\u00edticos y de investigaci\u00f3n<\/li>\n<\/ul>\n\n\n\n<h2 class=\"gb-headline gb-headline-3487cae7 gb-headline-text\"><strong>3. Bases jur\u00eddicas del tratamiento<\/strong><\/h2>\n\n\n\n<p>Para los usuarios de la UE, nuestras bases jur\u00eddicas para el tratamiento de la informaci\u00f3n personal son las siguientes:<\/p>\n\n\n\n<ul class=\"wp-block-list\">\n<li>El tratamiento es necesario para la ejecuci\u00f3n de un contrato con usted.<\/li>\n\n\n\n<li>El tratamiento es necesario para el cumplimiento de una obligaci\u00f3n legal.<\/li>\n\n\n\n<li>El tratamiento se basa en su consentimiento.<\/li>\n\n\n\n<li>El tratamiento es necesario a efectos de nuestros intereses leg\u00edtimos.<\/li>\n<\/ul>\n\n\n\n<h2 class=\"gb-headline gb-headline-5bcceca2 gb-headline-text\">4.<strong>Seguridad de los datos<\/strong><\/h2>\n\n\n\n<p>Tomamos medidas razonables para proteger sus datos personales contra el acceso, la divulgaci\u00f3n, la alteraci\u00f3n y la destrucci\u00f3n no autorizados.<\/p>\n\n\n\n<h2 class=\"gb-headline gb-headline-06267ba8 gb-headline-text\"><strong>5. Enlaces de terceros<\/strong><\/h2>\n\n\n\n<p>Nuestro sitio web puede contener enlaces a sitios web de terceros. Tenga en cuenta que no somos responsables de las pr\u00e1cticas de privacidad de estos sitios web. Le recomendamos que consulte las pol\u00edticas de privacidad de los sitios web de terceros que visite.<\/p>\n\n\n\n<h2 class=\"gb-headline gb-headline-45832124 gb-headline-text\"><strong>6. Sus derechos<\/strong><\/h2>\n\n\n\n<p>Los usuarios de la UE tienen los siguientes derechos en virtud del RGPD:<\/p>\n\n\n\n<ul class=\"wp-block-list\">\n<li>Derecho a ser informado sobre el tratamiento de sus datos personales<\/li>\n\n\n\n<li>Derecho a acceder a sus datos personales<\/li>\n\n\n\n<li>Derecho a la supresi\u00f3n de sus datos personales<\/li>\n\n\n\n<li>Derecho a restringir el tratamiento de sus datos personales<\/li>\n\n\n\n<li>The right to restrict processing of your personal data<\/li>\n\n\n\n<li>Derecho a la portabilidad de los datos<\/li>\n\n\n\n<li>Derecho a oponerse al tratamiento de sus datos personales<\/li>\n\n\n\n<li>Derechos en relaci\u00f3n con la toma de decisiones automatizadas y la elaboraci\u00f3n de perfiles<\/li>\n<\/ul>\n\n\n\n<h2 class=\"gb-headline gb-headline-66c9e3d7 gb-headline-text\"><strong>7. Sus opciones<\/strong><\/h2>\n\n\n\n<p>Tienes derecho a:<\/p>\n\n\n\n<ul class=\"wp-block-list\">\n<li>Revisar y corregir su informaci\u00f3n personal<\/li>\n\n\n\n<li>Dejar de recibir comunicaciones promocionales<\/li>\n\n\n\n<li>Solicitar la eliminaci\u00f3n de su informaci\u00f3n personal<\/li>\n<\/ul>\n\n\n\n<h2 class=\"gb-headline gb-headline-ae63684d gb-headline-text\"><strong>8. Transferencias de datos<\/strong><\/h2>\n\n\n\n<p>Si transferimos su informaci\u00f3n personal fuera de la UE, nos aseguraremos de que existan las garant\u00edas adecuadas.<\/p>\n\n\n\n<h2 class=\"gb-headline gb-headline-dfd0387c gb-headline-text\"><strong>9. Contacte con nosotros<\/strong><\/h2>\n\n\n\n<p>Si tiene alguna pregunta o duda sobre esta Pol\u00edtica de Privacidad, p\u00f3ngase en contacto con nosotros en <a href=\"mailto:contact@moararchitects.com\">contact@moararchitects.com.<\/a><\/p>\n\n\n\n<p><strong>Cambios en esta Pol\u00edtica de Privacidad<\/strong><\/p>\n\n\n\n<p>Nos reservamos el derecho de actualizar o modificar esta Pol\u00edtica de Privacidad en cualquier momento. Revise esta p\u00e1gina peri\u00f3dicamente para comprobar si se han producido cambios.<\/p>\n\n<\/div>\n<\/div>","protected":false},"excerpt":{"rendered":"<p>Pol\u00edtica de privacidad de moararchitects.com Bienvenido a moararchitects.com, la plataforma online de servicios de arquitectura. Esta Pol\u00edtica de Privacidad est\u00e1 &#8230; <a title=\"Pol\u00edtica de privacidad\" class=\"read-more\" href=\"https:\/\/moararchitects.com\/es\/politica-de-privacidad\/\" aria-label=\"Leer m\u00e1s sobre Pol\u00edtica de privacidad\">Read More<\/a><\/p>\n","protected":false},"author":1,"featured_media":0,"parent":0,"menu_order":0,"comment_status":"closed","ping_status":"closed","template":"","meta":{"_eb_attr":"","footnotes":""},"class_list":["post-4382","page","type-page","status-publish"],"yoast_head":"<!-- This site is optimized with the Yoast SEO plugin v23.6 - https:\/\/yoast.com\/wordpress\/plugins\/seo\/ -->\n<title>Pol\u00edtica de Privacidad | Protecci\u00f3n de Datos y Seguridad<\/title>\n<meta name=\"robots\" content=\"index, follow, max-snippet:-1, max-image-preview:large, max-video-preview:-1\" \/>\n<link rel=\"canonical\" href=\"https:\/\/moararchitects.com\/es\/politica-de-privacidad\/\" \/>\n<meta property=\"og:locale\" content=\"es_ES\" \/>\n<meta property=\"og:type\" content=\"article\" \/>\n<meta property=\"og:title\" content=\"Pol\u00edtica de Privacidad | Protecci\u00f3n de Datos y Seguridad\" \/>\n<meta property=\"og:description\" content=\"Pol\u00edtica de privacidad de moararchitects.com Bienvenido a moararchitects.com, la plataforma online de servicios de arquitectura. Esta Pol\u00edtica de Privacidad est\u00e1 ... Read More\" \/>\n<meta property=\"og:url\" content=\"https:\/\/moararchitects.com\/es\/politica-de-privacidad\/\" \/>\n<meta property=\"og:site_name\" content=\"MOAR Architects\" \/>\n<meta property=\"article:publisher\" content=\"https:\/\/www.facebook.com\/profile.php?id=100063985485826\" \/>\n<meta property=\"article:modified_time\" content=\"2024-10-18T19:12:22+00:00\" \/>\n<meta property=\"og:image\" content=\"https:\/\/moararchitects.com\/wp-content\/uploads\/MOAR-Logo-Brown.png\" \/>\n\t<meta property=\"og:image:width\" content=\"1077\" \/>\n\t<meta property=\"og:image:height\" content=\"345\" \/>\n\t<meta property=\"og:image:type\" content=\"image\/png\" \/>\n<meta name=\"twitter:card\" content=\"summary_large_image\" \/>\n<meta name=\"twitter:site\" content=\"@Moar_Architect\" \/>\n<meta name=\"twitter:label1\" content=\"Tiempo de lectura\" \/>\n\t<meta name=\"twitter:data1\" content=\"3 minutos\" \/>\n<!-- \/ Yoast SEO plugin. -->","yoast_head_json":{"title":"Pol\u00edtica de Privacidad | Protecci\u00f3n de Datos y Seguridad","robots":{"index":"index","follow":"follow","max-snippet":"max-snippet:-1","max-image-preview":"max-image-preview:large","max-video-preview":"max-video-preview:-1"},"canonical":"https:\/\/moararchitects.com\/es\/politica-de-privacidad\/","og_locale":"es_ES","og_type":"article","og_title":"Pol\u00edtica de Privacidad | Protecci\u00f3n de Datos y Seguridad","og_description":"Pol\u00edtica de privacidad de moararchitects.com Bienvenido a moararchitects.com, la plataforma online de servicios de arquitectura. Esta Pol\u00edtica de Privacidad est\u00e1 ... Read More","og_url":"https:\/\/moararchitects.com\/es\/politica-de-privacidad\/","og_site_name":"MOAR Architects","article_publisher":"https:\/\/www.facebook.com\/profile.php?id=100063985485826","article_modified_time":"2024-10-18T19:12:22+00:00","og_image":[{"width":1077,"height":345,"url":"https:\/\/moararchitects.com\/wp-content\/uploads\/MOAR-Logo-Brown.png","type":"image\/png"}],"twitter_card":"summary_large_image","twitter_site":"@Moar_Architect","twitter_misc":{"Tiempo de lectura":"3 minutos"},"schema":{"@context":"https:\/\/schema.org","@graph":[{"@type":"WebPage","@id":"https:\/\/moararchitects.com\/es\/politica-de-privacidad\/","url":"https:\/\/moararchitects.com\/es\/politica-de-privacidad\/","name":"Pol\u00edtica de Privacidad | Protecci\u00f3n de Datos y Seguridad","isPartOf":{"@id":"https:\/\/moararchitects.com\/es\/#website"},"datePublished":"2023-12-12T20:15:06+00:00","dateModified":"2024-10-18T19:12:22+00:00","breadcrumb":{"@id":"https:\/\/moararchitects.com\/es\/politica-de-privacidad\/#breadcrumb"},"inLanguage":"es","potentialAction":[{"@type":"ReadAction","target":["https:\/\/moararchitects.com\/es\/politica-de-privacidad\/"]}]},{"@type":"BreadcrumbList","@id":"https:\/\/moararchitects.com\/es\/politica-de-privacidad\/#breadcrumb","itemListElement":[{"@type":"ListItem","position":1,"name":"Home","item":"https:\/\/moararchitects.com\/es\/"},{"@type":"ListItem","position":2,"name":"Pol\u00edtica de privacidad"}]},{"@type":"WebSite","@id":"https:\/\/moararchitects.com\/es\/#website","url":"https:\/\/moararchitects.com\/es\/","name":"MOAR Architects","description":"","publisher":{"@id":"https:\/\/moararchitects.com\/es\/#organization"},"potentialAction":[{"@type":"SearchAction","target":{"@type":"EntryPoint","urlTemplate":"https:\/\/moararchitects.com\/es\/?s={search_term_string}"},"query-input":{"@type":"PropertyValueSpecification","valueRequired":true,"valueName":"search_term_string"}}],"inLanguage":"es"},{"@type":"Organization","@id":"https:\/\/moararchitects.com\/es\/#organization","name":"MOAR Architects","url":"https:\/\/moararchitects.com\/es\/","logo":{"@type":"ImageObject","inLanguage":"es","@id":"https:\/\/moararchitects.com\/es\/#\/schema\/logo\/image\/","url":"https:\/\/moararchitects.com\/wp-content\/uploads\/MOAR-Logo-Favicon.png","contentUrl":"https:\/\/moararchitects.com\/wp-content\/uploads\/MOAR-Logo-Favicon.png","width":250,"height":250,"caption":"MOAR Architects"},"image":{"@id":"https:\/\/moararchitects.com\/es\/#\/schema\/logo\/image\/"},"sameAs":["https:\/\/www.facebook.com\/profile.php?id=100063985485826","https:\/\/x.com\/Moar_Architect","https:\/\/www.instagram.com\/moararchitects\/"]}]}},"_links":{"self":[{"href":"https:\/\/moararchitects.com\/es\/wp-json\/wp\/v2\/pages\/4382"}],"collection":[{"href":"https:\/\/moararchitects.com\/es\/wp-json\/wp\/v2\/pages"}],"about":[{"href":"https:\/\/moararchitects.com\/es\/wp-json\/wp\/v2\/types\/page"}],"author":[{"embeddable":true,"href":"https:\/\/moararchitects.com\/es\/wp-json\/wp\/v2\/users\/1"}],"replies":[{"embeddable":true,"href":"https:\/\/moararchitects.com\/es\/wp-json\/wp\/v2\/comments?post=4382"}],"version-history":[{"count":3,"href":"https:\/\/moararchitects.com\/es\/wp-json\/wp\/v2\/pages\/4382\/revisions"}],"predecessor-version":[{"id":4387,"href":"https:\/\/moararchitects.com\/es\/wp-json\/wp\/v2\/pages\/4382\/revisions\/4387"}],"wp:attachment":[{"href":"https:\/\/moararchitects.com\/es\/wp-json\/wp\/v2\/media?parent=4382"}],"curies":[{"name":"wp","href":"https:\/\/api.w.org\/{rel}","templated":true}]}}